{"id":4940,"date":"2023-07-15T06:46:32","date_gmt":"2023-07-15T06:46:32","guid":{"rendered":"https:\/\/staging.mutara.ch\/apprendista\/"},"modified":"2025-12-01T19:38:06","modified_gmt":"2025-12-01T19:38:06","slug":"apprendista","status":"publish","type":"page","link":"https:\/\/staging.mutara.ch\/it\/lavora-con-noi\/apprendista\/","title":{"rendered":"APPRENDISTA"},"content":{"rendered":"<p>[et_pb_section fb_built=&#8221;1&#8243; _builder_version=&#8221;4.21.0&#8243; _module_preset=&#8221;default&#8221; global_colors_info=&#8221;{}&#8221;][et_pb_row _builder_version=&#8221;4.21.0&#8243; _module_preset=&#8221;default&#8221; global_colors_info=&#8221;{}&#8221;][et_pb_column type=&#8221;4_4&#8243; _builder_version=&#8221;4.21.0&#8243; _module_preset=&#8221;default&#8221; global_colors_info=&#8221;{}&#8221;][et_pb_text _builder_version=&#8221;4.21.0&#8243; _module_preset=&#8221;default&#8221; max_width=&#8221;753px&#8221; custom_margin=&#8221;|auto||auto|false|false&#8221; global_colors_info=&#8221;{}&#8221;]<\/p>\n<p><a href=\"https:\/\/staging.mutara.ch\/it\/lavora-con-noi\/\" title=\"Indietro\"><b>\u2190 Indietro<\/b><\/a><\/p>\n<p>[\/et_pb_text][et_pb_text _builder_version=&#8221;4.27.4&#8243; _module_preset=&#8221;default&#8221; max_width=&#8221;753px&#8221; custom_margin=&#8221;|auto||auto|false|false&#8221; hover_enabled=&#8221;0&#8243; global_colors_info=&#8221;{}&#8221; header_text_color=&#8221;#1F497D&#8221; sticky_enabled=&#8221;0&#8243;]<\/p>\n<h1>APPRENDISTA (1 ANNO)<\/h1>\n<p>[\/et_pb_text][et_pb_text _builder_version=&#8221;4.21.0&#8243; _module_preset=&#8221;default&#8221; max_width=&#8221;753px&#8221; custom_margin=&#8221;|auto||auto|false|false&#8221; global_colors_info=&#8221;{}&#8221;]<\/p>\n<p>MUTARA Treuhand AG \u00e8 uno studio fiduciario professionale e innovativo con un\u2019infrastruttura all\u2019avanguardia nel cuore di Baar.<\/p>\n<p><strong><\/strong>Come team, cerchiamo nuovi collaboratori per la nostra emergente societ\u00e0 fiduciaria allo scopo di continuare a crescere con successo.<\/p>\n<p>Cerchiamo apprendisti motivati per supportare il nostro team e disposti ad acquisire un\u2019esperienza significativa nel settore.<\/p>\n<p><strong><\/strong><\/p>\n<p><strong>Cosa ti offriamo:<\/strong><\/p>\n<ul>\n<li>Aiuto nella tenuta della contabilit\u00e0 e nella fatturazione<\/li>\n<li>Acquisizione dei processi lavorativi interni: ordinario lavorio fiduciario e amministrativo cos\u00ec come uno sguardo nel mondo finanziario di diverse imprese<\/li>\n<li>Opportunit\u00e0 di accrescere le relazioni con i clienti partecipando a riunioni e colloqui o comunicando via mail o per telefono<\/li>\n<li>Attivit\u00e0 di ordinaria amministrazione (disbrigo della corrispondenza, servizio telefonico\u2026)<\/li>\n<li>Collaborazione nell\u2019organizzazione e implementazione delle vendite<\/li>\n<\/ul>\n<p><strong>Cosa chiediamo:<\/strong><\/p>\n<ul>\n<li>Frequenza di una scuola di commercio o di economia aziendale oppure essere alla ricerca di un praticantato per ottenere il diploma KV<\/li>\n<li>Interesse e desiderio di approfondire le tue conoscenze nel settore della finanza<\/li>\n<li>Buon livello di tedesco<\/li>\n<li>Personalit\u00e0 motivata, aperta e socievole, Predisposizione al lavoro di squadra<\/li>\n<li>Disponibilit\u00e0 da agosto 2024<\/li>\n<\/ul>\n<p><strong>Vantaggi:<\/strong><\/p>\n<p>In qualit\u00e0 di esperti in questioni fiduciarie e finanziarie, ti offriamo un ambiente in cui avrai la possibilit\u00e0 ottenere quante pi\u00f9 informazioni possibili sul settore. Grazie a una gamma di clienti molto diversificata, svolgerai vari compiti in autonomia e imparerai a conoscere i diversi aspetti del nostro ambiente. Siamo a tua disposizione: in caso di dubbi o domande potrai rivolgerti a noi in qualsiasi momento. Ci\u00f2 che abbiamo a cuore \u00e8 che tu possa sviluppare le tue competenze e conoscenze senza dimenticare il divertimento.   <\/p>\n<p>Vuoi saperne di pi\u00f9? Contatta <em><u><a href=\"mailto:kontakt@mutara.ch\">Tamara<\/a>.<\/u><\/em> <\/p>\n<p>Non vediamo l\u2019ora di accogliere nuovi membri nel nostro team!<\/p>\n<p>[\/et_pb_text][\/et_pb_column][\/et_pb_row][et_pb_row _builder_version=&#8221;4.21.0&#8243; _module_preset=&#8221;default&#8221; global_colors_info=&#8221;{}&#8221;][et_pb_column type=&#8221;4_4&#8243; _builder_version=&#8221;4.21.0&#8243; _module_preset=&#8221;default&#8221; global_colors_info=&#8221;{}&#8221;][et_pb_text _builder_version=&#8221;4.21.0&#8243; _module_preset=&#8221;default&#8221; max_width=&#8221;753px&#8221; custom_margin=&#8221;|auto||auto|false|false&#8221; global_colors_info=&#8221;{}&#8221;]<\/p>\n<h2 style=\"text-align: center;\">MODULO DI CANDIDATURA<\/h2>\n<p>[\/et_pb_text][\/et_pb_column][\/et_pb_row][et_pb_row _builder_version=&#8221;4.21.0&#8243; _module_preset=&#8221;default&#8221; global_colors_info=&#8221;{}&#8221;][et_pb_column type=&#8221;4_4&#8243; _builder_version=&#8221;4.21.0&#8243; _module_preset=&#8221;default&#8221; global_colors_info=&#8221;{}&#8221;][et_pb_code _builder_version=&#8221;4.21.0&#8243; _module_preset=&#8221;default&#8221; max_width=&#8221;753px&#8221; custom_margin=&#8221;|auto||auto|false|false&#8221; global_colors_info=&#8221;{}&#8221;]\n<div class=\"wpcf7 no-js\" id=\"wpcf7-f4946-o1\" lang=\"it-IT\" dir=\"ltr\" data-wpcf7-id=\"4946\">\n<div class=\"screen-reader-response\"><p role=\"status\" aria-live=\"polite\" aria-atomic=\"true\"><\/p> <ul><\/ul><\/div>\n<form action=\"\/it\/wp-json\/wp\/v2\/pages\/4940#wpcf7-f4946-o1\" method=\"post\" class=\"wpcf7-form init\" aria-label=\"Modulo di contatto\" enctype=\"multipart\/form-data\" novalidate=\"novalidate\" data-status=\"init\">\n<fieldset class=\"hidden-fields-container\"><input type=\"hidden\" name=\"_wpcf7\" value=\"4946\" \/><input type=\"hidden\" name=\"_wpcf7_version\" value=\"6.1.4\" \/><input type=\"hidden\" name=\"_wpcf7_locale\" value=\"it_IT\" \/><input type=\"hidden\" name=\"_wpcf7_unit_tag\" value=\"wpcf7-f4946-o1\" \/><input type=\"hidden\" name=\"_wpcf7_container_post\" value=\"0\" \/><input type=\"hidden\" name=\"_wpcf7_posted_data_hash\" value=\"\" \/>\n<\/fieldset>\n<p><label> Nome<br \/>\n<span class=\"wpcf7-form-control-wrap\" data-name=\"your-name\"><input size=\"40\" maxlength=\"400\" class=\"wpcf7-form-control wpcf7-text wpcf7-validates-as-required cv-form\" autocomplete=\"name\" aria-required=\"true\" aria-invalid=\"false\" value=\"\" type=\"text\" name=\"your-name\" \/><\/span> <\/label>\n<\/p>\n<p><label> Email<br \/>\n<span class=\"wpcf7-form-control-wrap\" data-name=\"your-email\"><input size=\"40\" maxlength=\"400\" class=\"wpcf7-form-control wpcf7-email wpcf7-validates-as-required wpcf7-text wpcf7-validates-as-email cv-form\" autocomplete=\"email\" aria-required=\"true\" aria-invalid=\"false\" value=\"\" type=\"email\" name=\"your-email\" \/><\/span> <\/label>\n<\/p>\n<p><label> Posizione<br \/>\n<span class=\"wpcf7-form-control-wrap\" data-name=\"your-position\"><input size=\"40\" maxlength=\"400\" class=\"wpcf7-form-control wpcf7-text wpcf7-validates-as-required cv-form\" aria-required=\"true\" aria-invalid=\"false\" value=\"\" type=\"text\" name=\"your-position\" \/><\/span> <\/label>\n<\/p>\n<p><label> Messaggio<br \/>\n<span class=\"wpcf7-form-control-wrap\" data-name=\"your-message\"><textarea cols=\"40\" rows=\"10\" maxlength=\"2000\" class=\"wpcf7-form-control wpcf7-textarea cv-form\" aria-invalid=\"false\" name=\"your-message\"><\/textarea><\/span> <\/label>\n<\/p>\n<p><label>Indrizzo LinkedIn<\/label><br \/>\n<span class=\"wpcf7-form-control-wrap\" data-name=\"your-linkedin\"><input size=\"40\" maxlength=\"400\" class=\"wpcf7-form-control wpcf7-url wpcf7-text wpcf7-validates-as-url cv-form\" aria-invalid=\"false\" placeholder=\"https:\/\/www.linkedin.com\/in\/\" value=\"\" type=\"url\" name=\"your-linkedin\" \/><\/span>\n<\/p>\n<p><label>Allegare CV<\/label><br \/>\n<span class=\"wpcf7-form-control-wrap\" data-name=\"your-cv\"><input size=\"40\" class=\"wpcf7-form-control wpcf7-file wpcf7-validates-as-required cv-form-file\" accept=\".docx,.doc,.pdf\" aria-required=\"true\" aria-invalid=\"false\" type=\"file\" name=\"your-cv\" \/><\/span>\n<\/p>\n<p><span class=\"wpcf7-form-control-wrap\" data-name=\"acceptance-privacy\"><span class=\"wpcf7-form-control wpcf7-acceptance\"><span class=\"wpcf7-list-item\"><label><input type=\"checkbox\" name=\"acceptance-privacy\" value=\"1\" class=\"cv-form-radio\" aria-invalid=\"false\" \/><span class=\"wpcf7-list-item-label\">Dichiaro di avere letto e accettato il <a href=\"\/de\/datenschutzerklaerung\/\">regolamento sulla protezione dei dati personali<\/a>.<\/span><\/label><\/span><\/span><\/span>\n<\/p>\n<p><input class=\"wpcf7-form-control wpcf7-submit has-spinner\" type=\"submit\" value=\"Invio\" \/>\n<\/p><div class=\"wpcf7-response-output\" aria-hidden=\"true\"><\/div>\n<\/form>\n<\/div>\n[\/et_pb_code][\/et_pb_column][\/et_pb_row][\/et_pb_section]<\/p>\n","protected":false},"excerpt":{"rendered":"<p>Cerchiamo apprendisti motivati per supportare il nostro team e disposti ad acquisire un\u2019esperienza significativa nel settore.<\/p>\n","protected":false},"author":3,"featured_media":0,"parent":4969,"menu_order":0,"comment_status":"closed","ping_status":"closed","template":"","meta":{"_et_pb_use_builder":"on","_et_pb_old_content":"","_et_gb_content_width":"","_monsterinsights_skip_tracking":false,"_monsterinsights_sitenote_active":false,"_monsterinsights_sitenote_note":"","_monsterinsights_sitenote_category":0,"footnotes":""},"class_list":["post-4940","page","type-page","status-publish","hentry"],"yoast_head":"<!-- This site is optimized with the Yoast SEO plugin v26.6 - https:\/\/yoast.com\/wordpress\/plugins\/seo\/ -->\n<title>APPRENDISTA &#8211; MUTARA<\/title>\n<meta name=\"description\" content=\"Cerchiamo apprendisti motivati per supportare il nostro team e disposti ad acquisire un\u2019esperienza significativa nel settore.\" \/>\n<meta name=\"robots\" content=\"noindex, follow, max-snippet:-1, max-image-preview:large, max-video-preview:-1\" \/>\n<meta property=\"og:locale\" content=\"it_IT\" \/>\n<meta property=\"og:type\" content=\"article\" \/>\n<meta property=\"og:title\" content=\"APPRENDISTA &#8211; MUTARA\" \/>\n<meta property=\"og:description\" content=\"Cerchiamo apprendisti motivati per supportare il nostro team e disposti ad acquisire un\u2019esperienza significativa nel settore.\" \/>\n<meta property=\"og:url\" content=\"https:\/\/staging.mutara.ch\/it\/lavora-con-noi\/apprendista\/\" \/>\n<meta property=\"og:site_name\" content=\"MUTARA\" \/>\n<meta property=\"article:modified_time\" content=\"2025-12-01T19:38:06+00:00\" \/>\n<meta name=\"twitter:card\" content=\"summary_large_image\" \/>\n<meta name=\"twitter:label1\" content=\"Tempo di lettura stimato\" \/>\n\t<meta name=\"twitter:data1\" content=\"3 minuti\" \/>\n<script type=\"application\/ld+json\" class=\"yoast-schema-graph\">{\"@context\":\"https:\/\/schema.org\",\"@graph\":[{\"@type\":\"WebPage\",\"@id\":\"https:\/\/staging.mutara.ch\/it\/lavora-con-noi\/apprendista\/\",\"url\":\"https:\/\/staging.mutara.ch\/it\/lavora-con-noi\/apprendista\/\",\"name\":\"APPRENDISTA &#8211; MUTARA\",\"isPartOf\":{\"@id\":\"https:\/\/mutara.ch\/en\/#website\"},\"datePublished\":\"2023-07-15T06:46:32+00:00\",\"dateModified\":\"2025-12-01T19:38:06+00:00\",\"description\":\"Cerchiamo apprendisti motivati per supportare il nostro team e disposti ad acquisire un\u2019esperienza significativa nel settore.\",\"breadcrumb\":{\"@id\":\"https:\/\/staging.mutara.ch\/it\/lavora-con-noi\/apprendista\/#breadcrumb\"},\"inLanguage\":\"it-IT\",\"potentialAction\":[{\"@type\":\"ReadAction\",\"target\":[\"https:\/\/staging.mutara.ch\/it\/lavora-con-noi\/apprendista\/\"]}]},{\"@type\":\"BreadcrumbList\",\"@id\":\"https:\/\/staging.mutara.ch\/it\/lavora-con-noi\/apprendista\/#breadcrumb\",\"itemListElement\":[{\"@type\":\"ListItem\",\"position\":1,\"name\":\"Home\",\"item\":\"https:\/\/staging.mutara.ch\/it\/pagina-iniziale\/\"},{\"@type\":\"ListItem\",\"position\":2,\"name\":\"Lavora con noi\",\"item\":\"https:\/\/staging.mutara.ch\/it\/lavora-con-noi\/\"},{\"@type\":\"ListItem\",\"position\":3,\"name\":\"APPRENDISTA\"}]},{\"@type\":\"WebSite\",\"@id\":\"https:\/\/mutara.ch\/en\/#website\",\"url\":\"https:\/\/mutara.ch\/en\/\",\"name\":\"Mutara\",\"description\":\"AUDIT | TRUST | ADVISORY\",\"publisher\":{\"@id\":\"https:\/\/mutara.ch\/en\/#organization\"},\"potentialAction\":[{\"@type\":\"SearchAction\",\"target\":{\"@type\":\"EntryPoint\",\"urlTemplate\":\"https:\/\/mutara.ch\/en\/?s={search_term_string}\"},\"query-input\":{\"@type\":\"PropertyValueSpecification\",\"valueRequired\":true,\"valueName\":\"search_term_string\"}}],\"inLanguage\":\"it-IT\"},{\"@type\":\"Organization\",\"@id\":\"https:\/\/mutara.ch\/en\/#organization\",\"name\":\"MUTARA\",\"url\":\"https:\/\/mutara.ch\/en\/\",\"logo\":{\"@type\":\"ImageObject\",\"inLanguage\":\"it-IT\",\"@id\":\"https:\/\/mutara.ch\/en\/#\/schema\/logo\/image\/\",\"url\":\"https:\/\/staging.mutara.ch\/wp-content\/uploads\/2023\/06\/cropped-logo-circle-3.png\",\"contentUrl\":\"https:\/\/staging.mutara.ch\/wp-content\/uploads\/2023\/06\/cropped-logo-circle-3.png\",\"width\":512,\"height\":512,\"caption\":\"MUTARA\"},\"image\":{\"@id\":\"https:\/\/mutara.ch\/en\/#\/schema\/logo\/image\/\"}}]}<\/script>\n<!-- \/ Yoast SEO plugin. -->","yoast_head_json":{"title":"APPRENDISTA &#8211; MUTARA","description":"Cerchiamo apprendisti motivati per supportare il nostro team e disposti ad acquisire un\u2019esperienza significativa nel settore.","robots":{"index":"noindex","follow":"follow","max-snippet":"max-snippet:-1","max-image-preview":"max-image-preview:large","max-video-preview":"max-video-preview:-1"},"og_locale":"it_IT","og_type":"article","og_title":"APPRENDISTA &#8211; MUTARA","og_description":"Cerchiamo apprendisti motivati per supportare il nostro team e disposti ad acquisire un\u2019esperienza significativa nel settore.","og_url":"https:\/\/staging.mutara.ch\/it\/lavora-con-noi\/apprendista\/","og_site_name":"MUTARA","article_modified_time":"2025-12-01T19:38:06+00:00","twitter_card":"summary_large_image","twitter_misc":{"Tempo di lettura stimato":"3 minuti"},"schema":{"@context":"https:\/\/schema.org","@graph":[{"@type":"WebPage","@id":"https:\/\/staging.mutara.ch\/it\/lavora-con-noi\/apprendista\/","url":"https:\/\/staging.mutara.ch\/it\/lavora-con-noi\/apprendista\/","name":"APPRENDISTA &#8211; MUTARA","isPartOf":{"@id":"https:\/\/mutara.ch\/en\/#website"},"datePublished":"2023-07-15T06:46:32+00:00","dateModified":"2025-12-01T19:38:06+00:00","description":"Cerchiamo apprendisti motivati per supportare il nostro team e disposti ad acquisire un\u2019esperienza significativa nel settore.","breadcrumb":{"@id":"https:\/\/staging.mutara.ch\/it\/lavora-con-noi\/apprendista\/#breadcrumb"},"inLanguage":"it-IT","potentialAction":[{"@type":"ReadAction","target":["https:\/\/staging.mutara.ch\/it\/lavora-con-noi\/apprendista\/"]}]},{"@type":"BreadcrumbList","@id":"https:\/\/staging.mutara.ch\/it\/lavora-con-noi\/apprendista\/#breadcrumb","itemListElement":[{"@type":"ListItem","position":1,"name":"Home","item":"https:\/\/staging.mutara.ch\/it\/pagina-iniziale\/"},{"@type":"ListItem","position":2,"name":"Lavora con noi","item":"https:\/\/staging.mutara.ch\/it\/lavora-con-noi\/"},{"@type":"ListItem","position":3,"name":"APPRENDISTA"}]},{"@type":"WebSite","@id":"https:\/\/mutara.ch\/en\/#website","url":"https:\/\/mutara.ch\/en\/","name":"Mutara","description":"AUDIT | TRUST | ADVISORY","publisher":{"@id":"https:\/\/mutara.ch\/en\/#organization"},"potentialAction":[{"@type":"SearchAction","target":{"@type":"EntryPoint","urlTemplate":"https:\/\/mutara.ch\/en\/?s={search_term_string}"},"query-input":{"@type":"PropertyValueSpecification","valueRequired":true,"valueName":"search_term_string"}}],"inLanguage":"it-IT"},{"@type":"Organization","@id":"https:\/\/mutara.ch\/en\/#organization","name":"MUTARA","url":"https:\/\/mutara.ch\/en\/","logo":{"@type":"ImageObject","inLanguage":"it-IT","@id":"https:\/\/mutara.ch\/en\/#\/schema\/logo\/image\/","url":"https:\/\/staging.mutara.ch\/wp-content\/uploads\/2023\/06\/cropped-logo-circle-3.png","contentUrl":"https:\/\/staging.mutara.ch\/wp-content\/uploads\/2023\/06\/cropped-logo-circle-3.png","width":512,"height":512,"caption":"MUTARA"},"image":{"@id":"https:\/\/mutara.ch\/en\/#\/schema\/logo\/image\/"}}]}},"_links":{"self":[{"href":"https:\/\/staging.mutara.ch\/it\/wp-json\/wp\/v2\/pages\/4940","targetHints":{"allow":["GET"]}}],"collection":[{"href":"https:\/\/staging.mutara.ch\/it\/wp-json\/wp\/v2\/pages"}],"about":[{"href":"https:\/\/staging.mutara.ch\/it\/wp-json\/wp\/v2\/types\/page"}],"author":[{"embeddable":true,"href":"https:\/\/staging.mutara.ch\/it\/wp-json\/wp\/v2\/users\/3"}],"replies":[{"embeddable":true,"href":"https:\/\/staging.mutara.ch\/it\/wp-json\/wp\/v2\/comments?post=4940"}],"version-history":[{"count":4,"href":"https:\/\/staging.mutara.ch\/it\/wp-json\/wp\/v2\/pages\/4940\/revisions"}],"predecessor-version":[{"id":1005545,"href":"https:\/\/staging.mutara.ch\/it\/wp-json\/wp\/v2\/pages\/4940\/revisions\/1005545"}],"up":[{"embeddable":true,"href":"https:\/\/staging.mutara.ch\/it\/wp-json\/wp\/v2\/pages\/4969"}],"wp:attachment":[{"href":"https:\/\/staging.mutara.ch\/it\/wp-json\/wp\/v2\/media?parent=4940"}],"curies":[{"name":"wp","href":"https:\/\/api.w.org\/{rel}","templated":true}]}}