{"id":3108,"date":"2023-07-15T06:46:32","date_gmt":"2023-07-15T06:46:32","guid":{"rendered":"http:\/\/mutara.dev.onpressidium.com\/?page_id=3108"},"modified":"2025-12-01T17:27:26","modified_gmt":"2025-12-01T17:27:26","slug":"praktikum","status":"publish","type":"page","link":"https:\/\/staging.mutara.ch\/de\/karriere\/praktikum\/","title":{"rendered":"Praktikum"},"content":{"rendered":"<p>[et_pb_section fb_built=&#8220;1&#8243; _builder_version=&#8220;4.21.0&#8243; _module_preset=&#8220;default&#8220; global_colors_info=&#8220;{}&#8220;][et_pb_row _builder_version=&#8220;4.21.0&#8243; _module_preset=&#8220;default&#8220; global_colors_info=&#8220;{}&#8220;][et_pb_column type=&#8220;4_4&#8243; _builder_version=&#8220;4.21.0&#8243; _module_preset=&#8220;default&#8220; global_colors_info=&#8220;{}&#8220;][et_pb_text _builder_version=&#8220;4.21.0&#8243; _module_preset=&#8220;default&#8220; max_width=&#8220;753px&#8220; custom_margin=&#8220;|auto||auto|false|false&#8220; global_colors_info=&#8220;{}&#8220;]<\/p>\n<p><a href=\"\/de\/karriere\/\" title=\"Zur\u00fcck zu allen Jobs\"><b>\u2190 <\/b>Zur\u00fcck zu allen Jobs<\/a><\/p>\n<p>[\/et_pb_text][et_pb_text _builder_version=&#8220;4.27.4&#8243; _module_preset=&#8220;default&#8220; max_width=&#8220;753px&#8220; custom_margin=&#8220;|auto||auto|false|false&#8220; hover_enabled=&#8220;0&#8243; global_colors_info=&#8220;{}&#8220; header_text_color=&#8220;#1F497D&#8220; sticky_enabled=&#8220;0&#8243;]<\/p>\n<h1>KV-PRAKTIKANT:IN (1-JAHR)<\/h1>\n<p>[\/et_pb_text][et_pb_text _builder_version=&#8220;4.21.0&#8243; _module_preset=&#8220;default&#8220; max_width=&#8220;753px&#8220; custom_margin=&#8220;|auto||auto|false|false&#8220; global_colors_info=&#8220;{}&#8220;]<\/p>\n<p>MUTARA Treuhand AG ist ein professionelles innovatives Treuhandb\u00fcro mit topmoderner Infrastruktur im Herzen von Baar.<\/p>\n<p><strong><\/strong>Wir als Team suchen neue Teammitglieder f\u00fcr unsere aufstrebende Treuhandgesellschaft um weiterhin erfolgreich zu wachsen.<\/p>\n<p>Wir suchen derzeit nach einem motivierten Praktikanten, der unser Team unterst\u00fctzt und wertvolle Erfahrungen in der Branche sammelt.<\/p>\n<p><strong><\/strong><\/p>\n<p><strong>Das erwartet dich<\/strong><\/p>\n<ul>\n<li>Unterst\u00fctzung bei der Buchhaltung und Rechnungsstellung<\/li>\n<li>Du lernst interne Arbeitsabl\u00e4ufe kennen, die zum Daily Business des Treuhandwesens z\u00e4hlen und bekommst so einen Einblick in die Finanzen vieler Firmen<\/li>\n<li>Du hast die M\u00f6glichkeit deinen Umgang mit Kunden zu steigern, indem du bei Besprechungen teilnimmst oder via Telefon sowie per Mail mit Kunden kommunizierst<\/li>\n<li>Du k\u00fcmmerst dich um allgemeine administrative T\u00e4tigkeiten: (z.B der Postverarbeitung, Telefondienst usw.)<\/li>\n<li>Du unterst\u00fctzt uns im Verkaufsprozess in der Organisation sowie in der Durchf\u00fchrung<\/li>\n<\/ul>\n<p><strong>Das bringst du mit<\/strong><\/p>\n<ul>\n<li>Du besuchst die Handels und Wirtschaftsmittelschule oder bist auf der Suche nach einem Praktikum zum Erlangen des KV-Abschlusses.<\/li>\n<li>Die Finanzbranche interessiert dich und du willst mehr \u00fcber sie erfahren<\/li>\n<li>Du verf\u00fcgst \u00fcber gute Deutschkenntnisse<\/li>\n<li>Du hast eine motivierte, offene und kommunikative Pers\u00f6nlichkeit und arbeitest gerne im Team<\/li>\n<li>Verf\u00fcgbarkeit ab August 2024<\/li>\n<\/ul>\n<p><strong>Vorteile<\/strong><\/p>\n<p>Als Experte f\u00fcr Treuhand und Finanzfragen m\u00f6chten wir dir ein Umfeld bieten, indem du m\u00f6glichst viel Einblick in die Branche bekommst. Durch ein sehr diverses Kundenspektrum hast du ausgesprochen vielseitige und individuelle Aufgaben, und lernst verschieden Aspekte der Branche kennen. Wir sind alle per Du, wenn du Fragen oder ein Anliegen hast, kannst du jederzeit auf uns zukommen. Uns ist es wichtig, dass du dich in deinen F\u00e4higkeiten und Wissen weiterentwickeln kannst und auch der Spass nicht zu kurz kommt.<\/p>\n<p>M\u00f6chtest Du mehr erfahren? Dann melde Dich bei <em><u><a href=\"mailto:kontakt@mutara.ch\">Tamara<\/a>.<\/u><\/em><\/p>\n<p>Wir alle freuen uns bereits auf neues Teammitglieder!<\/p>\n<p>[\/et_pb_text][\/et_pb_column][\/et_pb_row][et_pb_row _builder_version=&#8220;4.21.0&#8243; _module_preset=&#8220;default&#8220; global_colors_info=&#8220;{}&#8220;][et_pb_column type=&#8220;4_4&#8243; _builder_version=&#8220;4.21.0&#8243; _module_preset=&#8220;default&#8220; global_colors_info=&#8220;{}&#8220;][et_pb_text _builder_version=&#8220;4.21.0&#8243; _module_preset=&#8220;default&#8220; max_width=&#8220;753px&#8220; custom_margin=&#8220;|auto||auto|false|false&#8220; global_colors_info=&#8220;{}&#8220;]<\/p>\n<h2 style=\"text-align: center;\">Bewerbungsformular<\/h2>\n<p>[\/et_pb_text][\/et_pb_column][\/et_pb_row][et_pb_row _builder_version=&#8220;4.21.0&#8243; _module_preset=&#8220;default&#8220; global_colors_info=&#8220;{}&#8220;][et_pb_column type=&#8220;4_4&#8243; _builder_version=&#8220;4.21.0&#8243; _module_preset=&#8220;default&#8220; global_colors_info=&#8220;{}&#8220;][et_pb_code _builder_version=&#8220;4.21.0&#8243; _module_preset=&#8220;default&#8220; max_width=&#8220;753px&#8220; custom_margin=&#8220;|auto||auto|false|false&#8220; global_colors_info=&#8220;{}&#8220;]\n<div class=\"wpcf7 no-js\" id=\"wpcf7-f1933-o1\" lang=\"de-DE\" dir=\"ltr\" data-wpcf7-id=\"1933\">\n<div class=\"screen-reader-response\"><p role=\"status\" aria-live=\"polite\" aria-atomic=\"true\"><\/p> <ul><\/ul><\/div>\n<form action=\"\/de\/wp-json\/wp\/v2\/pages\/3108#wpcf7-f1933-o1\" method=\"post\" class=\"wpcf7-form init\" aria-label=\"Kontaktformular\" enctype=\"multipart\/form-data\" novalidate=\"novalidate\" data-status=\"init\">\n<fieldset class=\"hidden-fields-container\"><input type=\"hidden\" name=\"_wpcf7\" value=\"1933\" \/><input type=\"hidden\" name=\"_wpcf7_version\" value=\"6.1.4\" \/><input type=\"hidden\" name=\"_wpcf7_locale\" value=\"de_DE\" \/><input type=\"hidden\" name=\"_wpcf7_unit_tag\" value=\"wpcf7-f1933-o1\" \/><input type=\"hidden\" name=\"_wpcf7_container_post\" value=\"0\" \/><input type=\"hidden\" name=\"_wpcf7_posted_data_hash\" value=\"\" \/>\n<\/fieldset>\n<p><label> Dein Name<br \/>\n<span class=\"wpcf7-form-control-wrap\" data-name=\"your-name\"><input size=\"40\" maxlength=\"400\" class=\"wpcf7-form-control wpcf7-text wpcf7-validates-as-required cv-form\" autocomplete=\"name\" aria-required=\"true\" aria-invalid=\"false\" value=\"\" type=\"text\" name=\"your-name\" \/><\/span> <\/label>\n<\/p>\n<p><label> Deine E-Mail<br \/>\n<span class=\"wpcf7-form-control-wrap\" data-name=\"your-email\"><input size=\"40\" maxlength=\"400\" class=\"wpcf7-form-control wpcf7-email wpcf7-validates-as-required wpcf7-text wpcf7-validates-as-email cv-form\" autocomplete=\"email\" aria-required=\"true\" aria-invalid=\"false\" value=\"\" type=\"email\" name=\"your-email\" \/><\/span> <\/label>\n<\/p>\n<p><label> Position<br \/>\n<span class=\"wpcf7-form-control-wrap\" data-name=\"your-position\"><input size=\"40\" maxlength=\"400\" class=\"wpcf7-form-control wpcf7-text wpcf7-validates-as-required cv-form\" aria-required=\"true\" aria-invalid=\"false\" value=\"\" type=\"text\" name=\"your-position\" \/><\/span> <\/label>\n<\/p>\n<p><label> Nachricht (fakultativ)<br \/>\n<span class=\"wpcf7-form-control-wrap\" data-name=\"your-message\"><textarea cols=\"40\" rows=\"10\" maxlength=\"2000\" class=\"wpcf7-form-control wpcf7-textarea cv-form\" aria-invalid=\"false\" name=\"your-message\"><\/textarea><\/span> <\/label>\n<\/p>\n<p><label>LinkedIn Profil-URL<\/label><br \/>\n<span class=\"wpcf7-form-control-wrap\" data-name=\"your-linkedin\"><input size=\"40\" maxlength=\"400\" class=\"wpcf7-form-control wpcf7-url wpcf7-text wpcf7-validates-as-url cv-form\" aria-invalid=\"false\" placeholder=\"https:\/\/www.linkedin.com\/in\/\" value=\"\" type=\"url\" name=\"your-linkedin\" \/><\/span>\n<\/p>\n<p><label>Lebenslauf hochladen<\/label><br \/>\n<span class=\"wpcf7-form-control-wrap\" data-name=\"your-cv\"><input size=\"40\" class=\"wpcf7-form-control wpcf7-file wpcf7-validates-as-required cv-form-file\" accept=\".docx,.doc,.pdf\" aria-required=\"true\" aria-invalid=\"false\" type=\"file\" name=\"your-cv\" \/><\/span>\n<\/p>\n<p><span class=\"wpcf7-form-control-wrap\" data-name=\"acceptance-privacy\"><span class=\"wpcf7-form-control wpcf7-acceptance\"><span class=\"wpcf7-list-item\"><label><input type=\"checkbox\" name=\"acceptance-privacy\" value=\"1\" class=\"cv-form-radio\" aria-invalid=\"false\" \/><span class=\"wpcf7-list-item-label\">Ich habe die <a href=\"\/de\/datenschutzerklaerung\/\">Datenschutzverordnung<\/a> gelesen und akzeptiert.<\/span><\/label><\/span><\/span><\/span>\n<\/p>\n<p><input class=\"wpcf7-form-control wpcf7-submit has-spinner\" type=\"submit\" value=\"Einreichen\" \/>\n<\/p><div class=\"wpcf7-response-output\" aria-hidden=\"true\"><\/div>\n<\/form>\n<\/div>\n[\/et_pb_code][\/et_pb_column][\/et_pb_row][\/et_pb_section]<\/p>\n","protected":false},"excerpt":{"rendered":"<p>Wir suchen derzeit nach einem motivierten Praktikanten, der unser Team unterst\u00fctzt und wertvolle Erfahrungen in der Branche sammelt.<\/p>\n","protected":false},"author":3,"featured_media":0,"parent":1377,"menu_order":0,"comment_status":"closed","ping_status":"closed","template":"","meta":{"_et_pb_use_builder":"on","_et_pb_old_content":"","_et_gb_content_width":"","_monsterinsights_skip_tracking":false,"_monsterinsights_sitenote_active":false,"_monsterinsights_sitenote_note":"","_monsterinsights_sitenote_category":0,"footnotes":""},"class_list":["post-3108","page","type-page","status-publish","hentry"],"yoast_head":"<!-- This site is optimized with the Yoast SEO plugin v26.6 - https:\/\/yoast.com\/wordpress\/plugins\/seo\/ -->\n<title>Praktikum &#8211; MUTARA<\/title>\n<meta name=\"description\" content=\"Wir suchen derzeit nach einem motivierten Praktikanten, der unser Team unterst\u00fctzt und wertvolle Erfahrungen in der Branche sammelt.\" \/>\n<meta name=\"robots\" content=\"noindex, follow, max-snippet:-1, max-image-preview:large, max-video-preview:-1\" \/>\n<meta property=\"og:locale\" content=\"de_DE\" \/>\n<meta property=\"og:type\" content=\"article\" \/>\n<meta property=\"og:title\" content=\"Praktikum &#8211; MUTARA\" \/>\n<meta property=\"og:description\" content=\"Wir suchen derzeit nach einem motivierten Praktikanten, der unser Team unterst\u00fctzt und wertvolle Erfahrungen in der Branche sammelt.\" \/>\n<meta property=\"og:url\" content=\"https:\/\/staging.mutara.ch\/de\/karriere\/praktikum\/\" \/>\n<meta property=\"og:site_name\" content=\"MUTARA\" \/>\n<meta property=\"article:modified_time\" content=\"2025-12-01T17:27:26+00:00\" \/>\n<meta name=\"twitter:card\" content=\"summary_large_image\" \/>\n<meta name=\"twitter:label1\" content=\"Gesch\u00e4tzte Lesezeit\" \/>\n\t<meta name=\"twitter:data1\" content=\"2\u00a0Minuten\" \/>\n<script type=\"application\/ld+json\" class=\"yoast-schema-graph\">{\"@context\":\"https:\/\/schema.org\",\"@graph\":[{\"@type\":\"WebPage\",\"@id\":\"https:\/\/staging.mutara.ch\/de\/karriere\/praktikum\/\",\"url\":\"https:\/\/staging.mutara.ch\/de\/karriere\/praktikum\/\",\"name\":\"Praktikum &#8211; MUTARA\",\"isPartOf\":{\"@id\":\"https:\/\/mutara.ch\/en\/#website\"},\"datePublished\":\"2023-07-15T06:46:32+00:00\",\"dateModified\":\"2025-12-01T17:27:26+00:00\",\"description\":\"Wir suchen derzeit nach einem motivierten Praktikanten, der unser Team unterst\u00fctzt und wertvolle Erfahrungen in der Branche sammelt.\",\"breadcrumb\":{\"@id\":\"https:\/\/staging.mutara.ch\/de\/karriere\/praktikum\/#breadcrumb\"},\"inLanguage\":\"de\",\"potentialAction\":[{\"@type\":\"ReadAction\",\"target\":[\"https:\/\/staging.mutara.ch\/de\/karriere\/praktikum\/\"]}]},{\"@type\":\"BreadcrumbList\",\"@id\":\"https:\/\/staging.mutara.ch\/de\/karriere\/praktikum\/#breadcrumb\",\"itemListElement\":[{\"@type\":\"ListItem\",\"position\":1,\"name\":\"Home\",\"item\":\"https:\/\/staging.mutara.ch\/de\/\"},{\"@type\":\"ListItem\",\"position\":2,\"name\":\"Karriere\",\"item\":\"https:\/\/staging.mutara.ch\/de\/karriere\/\"},{\"@type\":\"ListItem\",\"position\":3,\"name\":\"Praktikum\"}]},{\"@type\":\"WebSite\",\"@id\":\"https:\/\/mutara.ch\/en\/#website\",\"url\":\"https:\/\/mutara.ch\/en\/\",\"name\":\"Mutara\",\"description\":\"AUDIT | TRUST | ADVISORY\",\"publisher\":{\"@id\":\"https:\/\/mutara.ch\/en\/#organization\"},\"potentialAction\":[{\"@type\":\"SearchAction\",\"target\":{\"@type\":\"EntryPoint\",\"urlTemplate\":\"https:\/\/mutara.ch\/en\/?s={search_term_string}\"},\"query-input\":{\"@type\":\"PropertyValueSpecification\",\"valueRequired\":true,\"valueName\":\"search_term_string\"}}],\"inLanguage\":\"de\"},{\"@type\":\"Organization\",\"@id\":\"https:\/\/mutara.ch\/en\/#organization\",\"name\":\"MUTARA\",\"url\":\"https:\/\/mutara.ch\/en\/\",\"logo\":{\"@type\":\"ImageObject\",\"inLanguage\":\"de\",\"@id\":\"https:\/\/mutara.ch\/en\/#\/schema\/logo\/image\/\",\"url\":\"https:\/\/staging.mutara.ch\/wp-content\/uploads\/2023\/06\/cropped-logo-circle-3.png\",\"contentUrl\":\"https:\/\/staging.mutara.ch\/wp-content\/uploads\/2023\/06\/cropped-logo-circle-3.png\",\"width\":512,\"height\":512,\"caption\":\"MUTARA\"},\"image\":{\"@id\":\"https:\/\/mutara.ch\/en\/#\/schema\/logo\/image\/\"}}]}<\/script>\n<!-- \/ Yoast SEO plugin. -->","yoast_head_json":{"title":"Praktikum &#8211; MUTARA","description":"Wir suchen derzeit nach einem motivierten Praktikanten, der unser Team unterst\u00fctzt und wertvolle Erfahrungen in der Branche sammelt.","robots":{"index":"noindex","follow":"follow","max-snippet":"max-snippet:-1","max-image-preview":"max-image-preview:large","max-video-preview":"max-video-preview:-1"},"og_locale":"de_DE","og_type":"article","og_title":"Praktikum &#8211; MUTARA","og_description":"Wir suchen derzeit nach einem motivierten Praktikanten, der unser Team unterst\u00fctzt und wertvolle Erfahrungen in der Branche sammelt.","og_url":"https:\/\/staging.mutara.ch\/de\/karriere\/praktikum\/","og_site_name":"MUTARA","article_modified_time":"2025-12-01T17:27:26+00:00","twitter_card":"summary_large_image","twitter_misc":{"Gesch\u00e4tzte Lesezeit":"2\u00a0Minuten"},"schema":{"@context":"https:\/\/schema.org","@graph":[{"@type":"WebPage","@id":"https:\/\/staging.mutara.ch\/de\/karriere\/praktikum\/","url":"https:\/\/staging.mutara.ch\/de\/karriere\/praktikum\/","name":"Praktikum &#8211; MUTARA","isPartOf":{"@id":"https:\/\/mutara.ch\/en\/#website"},"datePublished":"2023-07-15T06:46:32+00:00","dateModified":"2025-12-01T17:27:26+00:00","description":"Wir suchen derzeit nach einem motivierten Praktikanten, der unser Team unterst\u00fctzt und wertvolle Erfahrungen in der Branche sammelt.","breadcrumb":{"@id":"https:\/\/staging.mutara.ch\/de\/karriere\/praktikum\/#breadcrumb"},"inLanguage":"de","potentialAction":[{"@type":"ReadAction","target":["https:\/\/staging.mutara.ch\/de\/karriere\/praktikum\/"]}]},{"@type":"BreadcrumbList","@id":"https:\/\/staging.mutara.ch\/de\/karriere\/praktikum\/#breadcrumb","itemListElement":[{"@type":"ListItem","position":1,"name":"Home","item":"https:\/\/staging.mutara.ch\/de\/"},{"@type":"ListItem","position":2,"name":"Karriere","item":"https:\/\/staging.mutara.ch\/de\/karriere\/"},{"@type":"ListItem","position":3,"name":"Praktikum"}]},{"@type":"WebSite","@id":"https:\/\/mutara.ch\/en\/#website","url":"https:\/\/mutara.ch\/en\/","name":"Mutara","description":"AUDIT | TRUST | ADVISORY","publisher":{"@id":"https:\/\/mutara.ch\/en\/#organization"},"potentialAction":[{"@type":"SearchAction","target":{"@type":"EntryPoint","urlTemplate":"https:\/\/mutara.ch\/en\/?s={search_term_string}"},"query-input":{"@type":"PropertyValueSpecification","valueRequired":true,"valueName":"search_term_string"}}],"inLanguage":"de"},{"@type":"Organization","@id":"https:\/\/mutara.ch\/en\/#organization","name":"MUTARA","url":"https:\/\/mutara.ch\/en\/","logo":{"@type":"ImageObject","inLanguage":"de","@id":"https:\/\/mutara.ch\/en\/#\/schema\/logo\/image\/","url":"https:\/\/staging.mutara.ch\/wp-content\/uploads\/2023\/06\/cropped-logo-circle-3.png","contentUrl":"https:\/\/staging.mutara.ch\/wp-content\/uploads\/2023\/06\/cropped-logo-circle-3.png","width":512,"height":512,"caption":"MUTARA"},"image":{"@id":"https:\/\/mutara.ch\/en\/#\/schema\/logo\/image\/"}}]}},"_links":{"self":[{"href":"https:\/\/staging.mutara.ch\/de\/wp-json\/wp\/v2\/pages\/3108","targetHints":{"allow":["GET"]}}],"collection":[{"href":"https:\/\/staging.mutara.ch\/de\/wp-json\/wp\/v2\/pages"}],"about":[{"href":"https:\/\/staging.mutara.ch\/de\/wp-json\/wp\/v2\/types\/page"}],"author":[{"embeddable":true,"href":"https:\/\/staging.mutara.ch\/de\/wp-json\/wp\/v2\/users\/3"}],"replies":[{"embeddable":true,"href":"https:\/\/staging.mutara.ch\/de\/wp-json\/wp\/v2\/comments?post=3108"}],"version-history":[{"count":4,"href":"https:\/\/staging.mutara.ch\/de\/wp-json\/wp\/v2\/pages\/3108\/revisions"}],"predecessor-version":[{"id":1005481,"href":"https:\/\/staging.mutara.ch\/de\/wp-json\/wp\/v2\/pages\/3108\/revisions\/1005481"}],"up":[{"embeddable":true,"href":"https:\/\/staging.mutara.ch\/de\/wp-json\/wp\/v2\/pages\/1377"}],"wp:attachment":[{"href":"https:\/\/staging.mutara.ch\/de\/wp-json\/wp\/v2\/media?parent=3108"}],"curies":[{"name":"wp","href":"https:\/\/api.w.org\/{rel}","templated":true}]}}