{"id":2535,"date":"2023-07-03T14:26:15","date_gmt":"2023-07-03T14:26:15","guid":{"rendered":"http:\/\/mutara.dev.onpressidium.com\/?page_id=2535"},"modified":"2025-12-01T17:26:52","modified_gmt":"2025-12-01T17:26:52","slug":"experte-fur-finanz","status":"publish","type":"page","link":"https:\/\/staging.mutara.ch\/de\/karriere\/experte-fur-finanz\/","title":{"rendered":"Experte F\u00fcr Finanz"},"content":{"rendered":"<p>[et_pb_section fb_built=&#8220;1&#8243; _builder_version=&#8220;4.21.0&#8243; _module_preset=&#8220;default&#8220; global_colors_info=&#8220;{}&#8220;][et_pb_row _builder_version=&#8220;4.21.0&#8243; _module_preset=&#8220;default&#8220; global_colors_info=&#8220;{}&#8220;][et_pb_column type=&#8220;4_4&#8243; _builder_version=&#8220;4.21.0&#8243; _module_preset=&#8220;default&#8220; global_colors_info=&#8220;{}&#8220;][et_pb_text _builder_version=&#8220;4.21.0&#8243; _module_preset=&#8220;default&#8220; max_width=&#8220;753px&#8220; custom_margin=&#8220;|auto||auto|false|false&#8220; global_colors_info=&#8220;{}&#8220;]<\/p>\n<p><a href=\"\/de\/karriere\/\" title=\"Zur\u00fcck zu allen Jobs\"><b>\u2190 <\/b>Zur\u00fcck zu allen Jobs<\/a><\/p>\n<p>[\/et_pb_text][et_pb_text _builder_version=&#8220;4.27.4&#8243; _module_preset=&#8220;default&#8220; max_width=&#8220;753px&#8220; custom_margin=&#8220;|auto||auto|false|false&#8220; hover_enabled=&#8220;0&#8243; global_colors_info=&#8220;{}&#8220; header_text_color=&#8220;#1F497D&#8220; sticky_enabled=&#8220;0&#8243;]<\/p>\n<h1>TREUHANDEXPERT:IN EXPERT:IN<br \/>IN RECHNUNGSWESEN UND CONTROLLING<\/h1>\n<p>[\/et_pb_text][et_pb_text _builder_version=&#8220;4.21.0&#8243; _module_preset=&#8220;default&#8220; max_width=&#8220;753px&#8220; custom_margin=&#8220;|auto||auto|false|false&#8220; global_colors_info=&#8220;{}&#8220;]<\/p>\n<p><strong style=\"font-size: 14px;\">Professionalit\u00e4t in unkonventionellem Umfeld<\/strong><\/p>\n<p>MUTARA Treuhand AG ist ein professionelles innovatives Treuhandb\u00fcro mit topmoderner Infrastruktur im Herzen von Baar.<\/p>\n<p>Wir als Team suchen ein angehender Gesch\u00e4ftsf\u00fchrer f\u00fcr unsere aufstrebende Treuhandgesellschaft um weiterhin erfolgreich zu wachsen.<\/p>\n<p><strong>Dipl. Treuhandexperte:in (80-100% Pensum) mit Potential<\/strong><\/p>\n<p><strong>Deine Aufgaben:<\/strong><\/p>\n<ul>\n<li>Ganzheitliche Betreuung von Kunden im Bereich Buchhaltungs- \/ Payroll- \/ Steuermandaten<\/li>\n<li>Beratung und Unterst\u00fctzung von KMU-Kunden im gesamten Bereich des Finanzwesens sowie direkte Steuern, MWST und Sozialversicherungen<\/li>\n<li>Mitarbeit bei Spezialprojekten: Spezialpr\u00fcfungen, Due Diligence, Unternehmensbewertung, Sanierungen etc.<\/li>\n<li>Arbeiten in altbew\u00e4hrter Umgebung (FIAT) sowie neuen Technologien (Krypto)<\/li>\n<li>F\u00fchrungsverantwortung \u00fcbernehmen und bereit sein, die Gesch\u00e4ftsf\u00fchrung in 5 Jahren zu \u00fcbernehmen sowie das Unternehmen wesentlichen weiter zu entwickeln<\/li>\n<\/ul>\n<p><strong>Dein Profil:<\/strong><\/p>\n<ul>\n<li>Junger und dynamischer dipl. Treuhandexperte, dipl. Steuerexperte, dipl. Wirtschaftspr\u00fcfer, dipl. Experte in Rechnungslegung und Controlling<\/li>\n<li>Hohe Sozialkompetenz und extrem gutes Fachwissen<\/li>\n<li>Motivation zur Weiterentwicklung und Akquisitionst\u00e4tigkeitsnachweis<\/li>\n<li>Teamorientiert mit hoher Lernbereitschaft<\/li>\n<li>Zuverl\u00e4ssige und pr\u00e4zise Arbeitsweise<\/li>\n<li>Belastbar, motiviert, sehr hohes Mass an Eigenverantwortung<\/li>\n<\/ul>\n<p><strong>Wir bieten:<\/strong><\/p>\n<ul>\n<li>Kein 08\/15 Job, sondern ein interessante und abwechslungsreiche T\u00e4tigkeit in einem jungen und motivierten eingespielten, top Team<\/li>\n<li>Entwicklungsm\u00f6glichkeiten mit hervorragenden Karrierechancen<\/li>\n<li>Innovative Arbeitszeitmodelle sowie flexible Arbeitszeiten<\/li>\n<li>\u00dcberdurchschnittliche Sozialleistungen<\/li>\n<li>M\u00f6glichkeit zum Equity Partner<\/li>\n<\/ul>\n<ul><\/ul>\n<p>M\u00f6chtest Du mehr erfahren? Dann melde Dich bei <em><u><a href=\"mailto:kontakt@mutara.ch\">Tamara<\/a>.<\/u><\/em><\/p>\n<p>Wir alle freuen uns bereits auf neues Teammitglieder!<\/p>\n<p>[\/et_pb_text][\/et_pb_column][\/et_pb_row][et_pb_row _builder_version=&#8220;4.21.0&#8243; _module_preset=&#8220;default&#8220; global_colors_info=&#8220;{}&#8220;][et_pb_column type=&#8220;4_4&#8243; _builder_version=&#8220;4.21.0&#8243; _module_preset=&#8220;default&#8220; global_colors_info=&#8220;{}&#8220;][et_pb_text _builder_version=&#8220;4.21.0&#8243; _module_preset=&#8220;default&#8220; max_width=&#8220;753px&#8220; custom_margin=&#8220;|auto||auto|false|false&#8220; global_colors_info=&#8220;{}&#8220;]<\/p>\n<h2 style=\"text-align: center;\">Bewerbungsformular<\/h2>\n<p>[\/et_pb_text][\/et_pb_column][\/et_pb_row][et_pb_row _builder_version=&#8220;4.21.0&#8243; _module_preset=&#8220;default&#8220; global_colors_info=&#8220;{}&#8220;][et_pb_column type=&#8220;4_4&#8243; _builder_version=&#8220;4.21.0&#8243; _module_preset=&#8220;default&#8220; global_colors_info=&#8220;{}&#8220;][et_pb_code _builder_version=&#8220;4.27.4&#8243; _module_preset=&#8220;default&#8220; max_width=&#8220;753px&#8220; custom_margin=&#8220;|auto||auto|false|false&#8220; hover_enabled=&#8220;0&#8243; global_colors_info=&#8220;{}&#8220; sticky_enabled=&#8220;0&#8243;]\n<div class=\"wpcf7 no-js\" id=\"wpcf7-f1933-o1\" lang=\"de-DE\" dir=\"ltr\" data-wpcf7-id=\"1933\">\n<div class=\"screen-reader-response\"><p role=\"status\" aria-live=\"polite\" aria-atomic=\"true\"><\/p> <ul><\/ul><\/div>\n<form action=\"\/de\/wp-json\/wp\/v2\/pages\/2535#wpcf7-f1933-o1\" method=\"post\" class=\"wpcf7-form init\" aria-label=\"Kontaktformular\" enctype=\"multipart\/form-data\" novalidate=\"novalidate\" data-status=\"init\">\n<fieldset class=\"hidden-fields-container\"><input type=\"hidden\" name=\"_wpcf7\" value=\"1933\" \/><input type=\"hidden\" name=\"_wpcf7_version\" value=\"6.1.4\" \/><input type=\"hidden\" name=\"_wpcf7_locale\" value=\"de_DE\" \/><input type=\"hidden\" name=\"_wpcf7_unit_tag\" value=\"wpcf7-f1933-o1\" \/><input type=\"hidden\" name=\"_wpcf7_container_post\" value=\"0\" \/><input type=\"hidden\" name=\"_wpcf7_posted_data_hash\" value=\"\" \/>\n<\/fieldset>\n<p><label> Dein Name<br \/>\n<span class=\"wpcf7-form-control-wrap\" data-name=\"your-name\"><input size=\"40\" maxlength=\"400\" class=\"wpcf7-form-control wpcf7-text wpcf7-validates-as-required cv-form\" autocomplete=\"name\" aria-required=\"true\" aria-invalid=\"false\" value=\"\" type=\"text\" name=\"your-name\" \/><\/span> <\/label>\n<\/p>\n<p><label> Deine E-Mail<br \/>\n<span class=\"wpcf7-form-control-wrap\" data-name=\"your-email\"><input size=\"40\" maxlength=\"400\" class=\"wpcf7-form-control wpcf7-email wpcf7-validates-as-required wpcf7-text wpcf7-validates-as-email cv-form\" autocomplete=\"email\" aria-required=\"true\" aria-invalid=\"false\" value=\"\" type=\"email\" name=\"your-email\" \/><\/span> <\/label>\n<\/p>\n<p><label> Position<br \/>\n<span class=\"wpcf7-form-control-wrap\" data-name=\"your-position\"><input size=\"40\" maxlength=\"400\" class=\"wpcf7-form-control wpcf7-text wpcf7-validates-as-required cv-form\" aria-required=\"true\" aria-invalid=\"false\" value=\"\" type=\"text\" name=\"your-position\" \/><\/span> <\/label>\n<\/p>\n<p><label> Nachricht (fakultativ)<br \/>\n<span class=\"wpcf7-form-control-wrap\" data-name=\"your-message\"><textarea cols=\"40\" rows=\"10\" maxlength=\"2000\" class=\"wpcf7-form-control wpcf7-textarea cv-form\" aria-invalid=\"false\" name=\"your-message\"><\/textarea><\/span> <\/label>\n<\/p>\n<p><label>LinkedIn Profil-URL<\/label><br \/>\n<span class=\"wpcf7-form-control-wrap\" data-name=\"your-linkedin\"><input size=\"40\" maxlength=\"400\" class=\"wpcf7-form-control wpcf7-url wpcf7-text wpcf7-validates-as-url cv-form\" aria-invalid=\"false\" placeholder=\"https:\/\/www.linkedin.com\/in\/\" value=\"\" type=\"url\" name=\"your-linkedin\" \/><\/span>\n<\/p>\n<p><label>Lebenslauf hochladen<\/label><br \/>\n<span class=\"wpcf7-form-control-wrap\" data-name=\"your-cv\"><input size=\"40\" class=\"wpcf7-form-control wpcf7-file wpcf7-validates-as-required cv-form-file\" accept=\".docx,.doc,.pdf\" aria-required=\"true\" aria-invalid=\"false\" type=\"file\" name=\"your-cv\" \/><\/span>\n<\/p>\n<p><span class=\"wpcf7-form-control-wrap\" data-name=\"acceptance-privacy\"><span class=\"wpcf7-form-control wpcf7-acceptance\"><span class=\"wpcf7-list-item\"><label><input type=\"checkbox\" name=\"acceptance-privacy\" value=\"1\" class=\"cv-form-radio\" aria-invalid=\"false\" \/><span class=\"wpcf7-list-item-label\">Ich habe die <a href=\"\/de\/datenschutzerklaerung\/\">Datenschutzverordnung<\/a> gelesen und akzeptiert.<\/span><\/label><\/span><\/span><\/span>\n<\/p>\n<p><input class=\"wpcf7-form-control wpcf7-submit has-spinner\" type=\"submit\" value=\"Einreichen\" \/>\n<\/p><div class=\"wpcf7-response-output\" aria-hidden=\"true\"><\/div>\n<\/form>\n<\/div>\n[\/et_pb_code][\/et_pb_column][\/et_pb_row][\/et_pb_section]<\/p>\n","protected":false},"excerpt":{"rendered":"<p>\u2190 Zur\u00fcck zu allen JobsTREUHANDEXPERT:IN EXPERT:ININ RECHNUNGSWESEN UND CONTROLLINGProfessionalit\u00e4t in unkonventionellem Umfeld MUTARA Treuhand AG ist ein professionelles innovatives Treuhandb\u00fcro mit topmoderner Infrastruktur im Herzen von Baar. Wir als Team suchen ein angehender Gesch\u00e4ftsf\u00fchrer f\u00fcr unsere aufstrebende Treuhandgesellschaft um weiterhin erfolgreich zu wachsen. Dipl. Treuhandexperte:in (80-100% Pensum) mit Potential Deine Aufgaben: Ganzheitliche Betreuung von Kunden [&hellip;]<\/p>\n","protected":false},"author":3,"featured_media":0,"parent":1377,"menu_order":0,"comment_status":"closed","ping_status":"closed","template":"","meta":{"_et_pb_use_builder":"on","_et_pb_old_content":"","_et_gb_content_width":"","_monsterinsights_skip_tracking":false,"_monsterinsights_sitenote_active":false,"_monsterinsights_sitenote_note":"","_monsterinsights_sitenote_category":0,"footnotes":""},"class_list":["post-2535","page","type-page","status-publish","hentry"],"yoast_head":"<!-- This site is optimized with the Yoast SEO plugin v26.6 - https:\/\/yoast.com\/wordpress\/plugins\/seo\/ -->\n<title>Experte F\u00fcr Finanz - MUTARA<\/title>\n<meta name=\"description\" content=\"EXPERTE F\u00dcR FINANZ- UND MANAGEMENTBUCHHALTUNG UND BERICHTERSTATTUNG\" \/>\n<meta name=\"robots\" content=\"noindex, follow, max-snippet:-1, max-image-preview:large, max-video-preview:-1\" \/>\n<meta property=\"og:locale\" content=\"de_DE\" \/>\n<meta property=\"og:type\" content=\"article\" \/>\n<meta property=\"og:title\" content=\"Experte F\u00fcr Finanz - MUTARA\" \/>\n<meta property=\"og:description\" content=\"EXPERTE F\u00dcR FINANZ- UND MANAGEMENTBUCHHALTUNG UND BERICHTERSTATTUNG\" \/>\n<meta property=\"og:url\" content=\"https:\/\/staging.mutara.ch\/de\/karriere\/experte-fur-finanz\/\" \/>\n<meta property=\"og:site_name\" content=\"MUTARA\" \/>\n<meta property=\"article:modified_time\" content=\"2025-12-01T17:26:52+00:00\" \/>\n<meta name=\"twitter:card\" content=\"summary_large_image\" \/>\n<meta name=\"twitter:label1\" content=\"Gesch\u00e4tzte Lesezeit\" \/>\n\t<meta name=\"twitter:data1\" content=\"2\u00a0Minuten\" \/>\n<script type=\"application\/ld+json\" class=\"yoast-schema-graph\">{\"@context\":\"https:\/\/schema.org\",\"@graph\":[{\"@type\":\"WebPage\",\"@id\":\"https:\/\/staging.mutara.ch\/de\/karriere\/experte-fur-finanz\/\",\"url\":\"https:\/\/staging.mutara.ch\/de\/karriere\/experte-fur-finanz\/\",\"name\":\"Experte F\u00fcr Finanz - MUTARA\",\"isPartOf\":{\"@id\":\"https:\/\/mutara.ch\/en\/#website\"},\"datePublished\":\"2023-07-03T14:26:15+00:00\",\"dateModified\":\"2025-12-01T17:26:52+00:00\",\"description\":\"EXPERTE F\u00dcR FINANZ- UND MANAGEMENTBUCHHALTUNG UND BERICHTERSTATTUNG\",\"breadcrumb\":{\"@id\":\"https:\/\/staging.mutara.ch\/de\/karriere\/experte-fur-finanz\/#breadcrumb\"},\"inLanguage\":\"de\",\"potentialAction\":[{\"@type\":\"ReadAction\",\"target\":[\"https:\/\/staging.mutara.ch\/de\/karriere\/experte-fur-finanz\/\"]}]},{\"@type\":\"BreadcrumbList\",\"@id\":\"https:\/\/staging.mutara.ch\/de\/karriere\/experte-fur-finanz\/#breadcrumb\",\"itemListElement\":[{\"@type\":\"ListItem\",\"position\":1,\"name\":\"Home\",\"item\":\"https:\/\/staging.mutara.ch\/de\/\"},{\"@type\":\"ListItem\",\"position\":2,\"name\":\"Karriere\",\"item\":\"https:\/\/staging.mutara.ch\/de\/karriere\/\"},{\"@type\":\"ListItem\",\"position\":3,\"name\":\"Experte F\u00fcr Finanz\"}]},{\"@type\":\"WebSite\",\"@id\":\"https:\/\/mutara.ch\/en\/#website\",\"url\":\"https:\/\/mutara.ch\/en\/\",\"name\":\"Mutara\",\"description\":\"AUDIT | TRUST | ADVISORY\",\"publisher\":{\"@id\":\"https:\/\/mutara.ch\/en\/#organization\"},\"potentialAction\":[{\"@type\":\"SearchAction\",\"target\":{\"@type\":\"EntryPoint\",\"urlTemplate\":\"https:\/\/mutara.ch\/en\/?s={search_term_string}\"},\"query-input\":{\"@type\":\"PropertyValueSpecification\",\"valueRequired\":true,\"valueName\":\"search_term_string\"}}],\"inLanguage\":\"de\"},{\"@type\":\"Organization\",\"@id\":\"https:\/\/mutara.ch\/en\/#organization\",\"name\":\"MUTARA\",\"url\":\"https:\/\/mutara.ch\/en\/\",\"logo\":{\"@type\":\"ImageObject\",\"inLanguage\":\"de\",\"@id\":\"https:\/\/mutara.ch\/en\/#\/schema\/logo\/image\/\",\"url\":\"https:\/\/staging.mutara.ch\/wp-content\/uploads\/2023\/06\/cropped-logo-circle-3.png\",\"contentUrl\":\"https:\/\/staging.mutara.ch\/wp-content\/uploads\/2023\/06\/cropped-logo-circle-3.png\",\"width\":512,\"height\":512,\"caption\":\"MUTARA\"},\"image\":{\"@id\":\"https:\/\/mutara.ch\/en\/#\/schema\/logo\/image\/\"}}]}<\/script>\n<!-- \/ Yoast SEO plugin. -->","yoast_head_json":{"title":"Experte F\u00fcr Finanz - MUTARA","description":"EXPERTE F\u00dcR FINANZ- UND MANAGEMENTBUCHHALTUNG UND BERICHTERSTATTUNG","robots":{"index":"noindex","follow":"follow","max-snippet":"max-snippet:-1","max-image-preview":"max-image-preview:large","max-video-preview":"max-video-preview:-1"},"og_locale":"de_DE","og_type":"article","og_title":"Experte F\u00fcr Finanz - MUTARA","og_description":"EXPERTE F\u00dcR FINANZ- UND MANAGEMENTBUCHHALTUNG UND BERICHTERSTATTUNG","og_url":"https:\/\/staging.mutara.ch\/de\/karriere\/experte-fur-finanz\/","og_site_name":"MUTARA","article_modified_time":"2025-12-01T17:26:52+00:00","twitter_card":"summary_large_image","twitter_misc":{"Gesch\u00e4tzte Lesezeit":"2\u00a0Minuten"},"schema":{"@context":"https:\/\/schema.org","@graph":[{"@type":"WebPage","@id":"https:\/\/staging.mutara.ch\/de\/karriere\/experte-fur-finanz\/","url":"https:\/\/staging.mutara.ch\/de\/karriere\/experte-fur-finanz\/","name":"Experte F\u00fcr Finanz - MUTARA","isPartOf":{"@id":"https:\/\/mutara.ch\/en\/#website"},"datePublished":"2023-07-03T14:26:15+00:00","dateModified":"2025-12-01T17:26:52+00:00","description":"EXPERTE F\u00dcR FINANZ- UND MANAGEMENTBUCHHALTUNG UND BERICHTERSTATTUNG","breadcrumb":{"@id":"https:\/\/staging.mutara.ch\/de\/karriere\/experte-fur-finanz\/#breadcrumb"},"inLanguage":"de","potentialAction":[{"@type":"ReadAction","target":["https:\/\/staging.mutara.ch\/de\/karriere\/experte-fur-finanz\/"]}]},{"@type":"BreadcrumbList","@id":"https:\/\/staging.mutara.ch\/de\/karriere\/experte-fur-finanz\/#breadcrumb","itemListElement":[{"@type":"ListItem","position":1,"name":"Home","item":"https:\/\/staging.mutara.ch\/de\/"},{"@type":"ListItem","position":2,"name":"Karriere","item":"https:\/\/staging.mutara.ch\/de\/karriere\/"},{"@type":"ListItem","position":3,"name":"Experte F\u00fcr Finanz"}]},{"@type":"WebSite","@id":"https:\/\/mutara.ch\/en\/#website","url":"https:\/\/mutara.ch\/en\/","name":"Mutara","description":"AUDIT | TRUST | ADVISORY","publisher":{"@id":"https:\/\/mutara.ch\/en\/#organization"},"potentialAction":[{"@type":"SearchAction","target":{"@type":"EntryPoint","urlTemplate":"https:\/\/mutara.ch\/en\/?s={search_term_string}"},"query-input":{"@type":"PropertyValueSpecification","valueRequired":true,"valueName":"search_term_string"}}],"inLanguage":"de"},{"@type":"Organization","@id":"https:\/\/mutara.ch\/en\/#organization","name":"MUTARA","url":"https:\/\/mutara.ch\/en\/","logo":{"@type":"ImageObject","inLanguage":"de","@id":"https:\/\/mutara.ch\/en\/#\/schema\/logo\/image\/","url":"https:\/\/staging.mutara.ch\/wp-content\/uploads\/2023\/06\/cropped-logo-circle-3.png","contentUrl":"https:\/\/staging.mutara.ch\/wp-content\/uploads\/2023\/06\/cropped-logo-circle-3.png","width":512,"height":512,"caption":"MUTARA"},"image":{"@id":"https:\/\/mutara.ch\/en\/#\/schema\/logo\/image\/"}}]}},"_links":{"self":[{"href":"https:\/\/staging.mutara.ch\/de\/wp-json\/wp\/v2\/pages\/2535","targetHints":{"allow":["GET"]}}],"collection":[{"href":"https:\/\/staging.mutara.ch\/de\/wp-json\/wp\/v2\/pages"}],"about":[{"href":"https:\/\/staging.mutara.ch\/de\/wp-json\/wp\/v2\/types\/page"}],"author":[{"embeddable":true,"href":"https:\/\/staging.mutara.ch\/de\/wp-json\/wp\/v2\/users\/3"}],"replies":[{"embeddable":true,"href":"https:\/\/staging.mutara.ch\/de\/wp-json\/wp\/v2\/comments?post=2535"}],"version-history":[{"count":2,"href":"https:\/\/staging.mutara.ch\/de\/wp-json\/wp\/v2\/pages\/2535\/revisions"}],"predecessor-version":[{"id":1005479,"href":"https:\/\/staging.mutara.ch\/de\/wp-json\/wp\/v2\/pages\/2535\/revisions\/1005479"}],"up":[{"embeddable":true,"href":"https:\/\/staging.mutara.ch\/de\/wp-json\/wp\/v2\/pages\/1377"}],"wp:attachment":[{"href":"https:\/\/staging.mutara.ch\/de\/wp-json\/wp\/v2\/media?parent=2535"}],"curies":[{"name":"wp","href":"https:\/\/api.w.org\/{rel}","templated":true}]}}